{"id":106,"date":"2025-07-31T01:37:07","date_gmt":"2025-07-31T01:37:07","guid":{"rendered":"https:\/\/pharmalogistica.com\/mx\/?page_id=106"},"modified":"2025-07-31T01:37:07","modified_gmt":"2025-07-31T01:37:07","slug":"perecederos-frutas-verduras-mariscos","status":"publish","type":"page","link":"https:\/\/pharmalogistica.com\/mx\/perecederos-frutas-verduras-mariscos\/","title":{"rendered":"Perecederos (frutas, verduras, mariscos)"},"content":{"rendered":"\n<p>Transporte de Perecederos: Frescura Garantizada<\/p>\n\n\n\n<p>Log\u00edstica para productos sensibles<\/p>\n\n\n\n<p>En Pharma Log\u00edstica M\u00e9xico, ofrecemos transporte de perecederos como frutas, verduras y mariscos que requieren cadena de fr\u00edo, complementando nuestras soluciones para la salud. Nuestras unidades, calibradas por laboratorios acreditados ante la Entidad Mexicana de Acreditaci\u00f3n (EMA), mantienen temperaturas de 0-4\u00b0C o -18\u00b0C, asegurando la frescura. Con monitoreo en tiempo real, garantizamos que sus perecederos lleguen en \u00f3ptimas condiciones.<\/p>\n\n\n\n<p>Ventajas de nuestro servicio<\/p>\n\n\n\n<ul class=\"wp-block-list\">\n<li>Unidades certificadas para control de temperatura.<\/li>\n\n\n\n<li>Monitoreo continuo con sensores de temperatura y GPS.<\/li>\n\n\n\n<li>Rutas optimizadas para minimizar tiempos de tr\u00e1nsito.<\/li>\n\n\n\n<li>Cumplimiento de normativas para seguridad alimentaria.<\/li>\n<\/ul>\n\n\n\n<p>En Pharma Log\u00edstica M\u00e9xico, sus perecederos est\u00e1n protegidos con log\u00edstica de calidad.<\/p>\n","protected":false},"excerpt":{"rendered":"<p>Transporte de Perecederos: Frescura Garantizada Log\u00edstica para productos sensibles En Pharma Log\u00edstica M\u00e9xico, ofrecemos transporte de perecederos como frutas, verduras y mariscos que requieren cadena de fr\u00edo, complementando nuestras soluciones para la salud. Nuestras unidades, calibradas por laboratorios acreditados ante la Entidad Mexicana de Acreditaci\u00f3n (EMA), mantienen temperaturas de 0-4\u00b0C o -18\u00b0C, asegurando la frescura. [&hellip;]<\/p>\n","protected":false},"author":1,"featured_media":0,"parent":0,"menu_order":0,"comment_status":"closed","ping_status":"closed","template":"","meta":{"footnotes":""},"class_list":["post-106","page","type-page","status-publish","hentry"],"_links":{"self":[{"href":"https:\/\/pharmalogistica.com\/mx\/wp-json\/wp\/v2\/pages\/106","targetHints":{"allow":["GET"]}}],"collection":[{"href":"https:\/\/pharmalogistica.com\/mx\/wp-json\/wp\/v2\/pages"}],"about":[{"href":"https:\/\/pharmalogistica.com\/mx\/wp-json\/wp\/v2\/types\/page"}],"author":[{"embeddable":true,"href":"https:\/\/pharmalogistica.com\/mx\/wp-json\/wp\/v2\/users\/1"}],"replies":[{"embeddable":true,"href":"https:\/\/pharmalogistica.com\/mx\/wp-json\/wp\/v2\/comments?post=106"}],"version-history":[{"count":1,"href":"https:\/\/pharmalogistica.com\/mx\/wp-json\/wp\/v2\/pages\/106\/revisions"}],"predecessor-version":[{"id":107,"href":"https:\/\/pharmalogistica.com\/mx\/wp-json\/wp\/v2\/pages\/106\/revisions\/107"}],"wp:attachment":[{"href":"https:\/\/pharmalogistica.com\/mx\/wp-json\/wp\/v2\/media?parent=106"}],"curies":[{"name":"wp","href":"https:\/\/api.w.org\/{rel}","templated":true}]}}