{"id":108,"date":"2025-07-31T01:38:57","date_gmt":"2025-07-31T01:38:57","guid":{"rendered":"https:\/\/pharmalogistica.com\/mx\/?page_id=108"},"modified":"2025-07-31T01:38:57","modified_gmt":"2025-07-31T01:38:57","slug":"almacenes-refrigerados-2-8-c","status":"publish","type":"page","link":"https:\/\/pharmalogistica.com\/mx\/almacenes-refrigerados-2-8-c\/","title":{"rendered":"Almacenes refrigerados (2 &#8211; 8 \u00b0C)"},"content":{"rendered":"\n<p>Almacenes Refrigerados: Protecci\u00f3n \u00d3ptima para sus Medicamentos<\/p>\n\n\n\n<p>Calidad garantizada en cadena de fr\u00edo<\/p>\n\n\n\n<p>En Pharma Log\u00edstica M\u00e9xico, nuestros almacenes refrigerados a 2-8\u00b0C est\u00e1n dise\u00f1ados para proteger la integridad de sus medicamentos, f\u00e1rmacos, biol\u00f3gicos y reactivos. Cualificados por laboratorios acreditados ante la Entidad Mexicana de Acreditaci\u00f3n (EMA), cumplimos con NOM-059 y Buenas Pr\u00e1cticas de Distribuci\u00f3n (GDP). Equipados con sistemas avanzados de control de temperatura y humedad, aseguramos que sus productos se mantengan en condiciones \u00f3ptimas para la industria farmac\u00e9utica y laboratorios de investigaci\u00f3n.<\/p>\n\n\n\n<p>Ventajas de nuestro almacenamiento refrigerado<\/p>\n\n\n\n<ul class=\"wp-block-list\">\n<li>Instalaciones cualificadas ante EMA para precisi\u00f3n en temperatura.<\/li>\n\n\n\n<li>Monitoreo continuo de temperatura y humedad con alertas inmediatas.<\/li>\n\n\n\n<li>Reportes detallados para auditor\u00edas normativas.<\/li>\n\n\n\n<li>Capacidad adaptable para necesidades de corto y largo plazo.<\/li>\n<\/ul>\n\n\n\n<p>En Pharma Log\u00edstica M\u00e9xico, sus productos sensibles est\u00e1n protegidos en almacenes de m\u00e1xima calidad.<\/p>\n","protected":false},"excerpt":{"rendered":"<p>Almacenes Refrigerados: Protecci\u00f3n \u00d3ptima para sus Medicamentos Calidad garantizada en cadena de fr\u00edo En Pharma Log\u00edstica M\u00e9xico, nuestros almacenes refrigerados a 2-8\u00b0C est\u00e1n dise\u00f1ados para proteger la integridad de sus medicamentos, f\u00e1rmacos, biol\u00f3gicos y reactivos. Cualificados por laboratorios acreditados ante la Entidad Mexicana de Acreditaci\u00f3n (EMA), cumplimos con NOM-059 y Buenas Pr\u00e1cticas de Distribuci\u00f3n (GDP). [&hellip;]<\/p>\n","protected":false},"author":1,"featured_media":0,"parent":0,"menu_order":0,"comment_status":"closed","ping_status":"closed","template":"","meta":{"footnotes":""},"class_list":["post-108","page","type-page","status-publish","hentry"],"_links":{"self":[{"href":"https:\/\/pharmalogistica.com\/mx\/wp-json\/wp\/v2\/pages\/108","targetHints":{"allow":["GET"]}}],"collection":[{"href":"https:\/\/pharmalogistica.com\/mx\/wp-json\/wp\/v2\/pages"}],"about":[{"href":"https:\/\/pharmalogistica.com\/mx\/wp-json\/wp\/v2\/types\/page"}],"author":[{"embeddable":true,"href":"https:\/\/pharmalogistica.com\/mx\/wp-json\/wp\/v2\/users\/1"}],"replies":[{"embeddable":true,"href":"https:\/\/pharmalogistica.com\/mx\/wp-json\/wp\/v2\/comments?post=108"}],"version-history":[{"count":1,"href":"https:\/\/pharmalogistica.com\/mx\/wp-json\/wp\/v2\/pages\/108\/revisions"}],"predecessor-version":[{"id":109,"href":"https:\/\/pharmalogistica.com\/mx\/wp-json\/wp\/v2\/pages\/108\/revisions\/109"}],"wp:attachment":[{"href":"https:\/\/pharmalogistica.com\/mx\/wp-json\/wp\/v2\/media?parent=108"}],"curies":[{"name":"wp","href":"https:\/\/api.w.org\/{rel}","templated":true}]}}