{"id":126,"date":"2025-07-31T01:48:09","date_gmt":"2025-07-31T01:48:09","guid":{"rendered":"https:\/\/pharmalogistica.com\/mx\/?page_id=126"},"modified":"2025-07-31T01:48:09","modified_gmt":"2025-07-31T01:48:09","slug":"registro-de-temperatura","status":"publish","type":"page","link":"https:\/\/pharmalogistica.com\/mx\/registro-de-temperatura\/","title":{"rendered":"Registro de temperatura"},"content":{"rendered":"\n<p>Registro de Temperatura: Trazabilidad para Auditor\u00edas<\/p>\n\n\n\n<p>Documentaci\u00f3n confiable para sus productos<\/p>\n\n\n\n<p>En Pharma Log\u00edstica M\u00e9xico, proporcionamos registros autom\u00e1ticos de temperatura para sus medicamentos, f\u00e1rmacos, biol\u00f3gicos, reactivos e insumos, garantizando la integridad de la cadena de fr\u00edo. Nuestras unidades y almacenes, calibrados y cualificados por laboratorios acreditados ante la Entidad Mexicana de Acreditaci\u00f3n (EMA), cumplen con NOM-059 y Buenas Pr\u00e1cticas de Distribuci\u00f3n (GDP). Generamos reportes detallados que documentan las condiciones de temperatura durante el transporte y almacenamiento, facilitando auditor\u00edas normativas.<\/p>\n\n\n\n<p>Ventajas de nuestro registro<\/p>\n\n\n\n<ul class=\"wp-block-list\">\n<li>Reportes autom\u00e1ticos con datos precisos de temperatura.<\/li>\n\n\n\n<li>Cumplimiento normativo para auditor\u00edas farmac\u00e9uticas.<\/li>\n\n\n\n<li>Trazabilidad completa para medicamentos y vacunas.<\/li>\n\n\n\n<li>Acceso f\u00e1cil a registros para su tranquilidad.<\/li>\n<\/ul>\n\n\n\n<p>En Pharma Log\u00edstica M\u00e9xico, sus productos cuentan con documentaci\u00f3n confiable y certificada.<\/p>\n","protected":false},"excerpt":{"rendered":"<p>Registro de Temperatura: Trazabilidad para Auditor\u00edas Documentaci\u00f3n confiable para sus productos En Pharma Log\u00edstica M\u00e9xico, proporcionamos registros autom\u00e1ticos de temperatura para sus medicamentos, f\u00e1rmacos, biol\u00f3gicos, reactivos e insumos, garantizando la integridad de la cadena de fr\u00edo. Nuestras unidades y almacenes, calibrados y cualificados por laboratorios acreditados ante la Entidad Mexicana de Acreditaci\u00f3n (EMA), cumplen con [&hellip;]<\/p>\n","protected":false},"author":1,"featured_media":0,"parent":0,"menu_order":0,"comment_status":"closed","ping_status":"closed","template":"","meta":{"footnotes":""},"class_list":["post-126","page","type-page","status-publish","hentry"],"_links":{"self":[{"href":"https:\/\/pharmalogistica.com\/mx\/wp-json\/wp\/v2\/pages\/126","targetHints":{"allow":["GET"]}}],"collection":[{"href":"https:\/\/pharmalogistica.com\/mx\/wp-json\/wp\/v2\/pages"}],"about":[{"href":"https:\/\/pharmalogistica.com\/mx\/wp-json\/wp\/v2\/types\/page"}],"author":[{"embeddable":true,"href":"https:\/\/pharmalogistica.com\/mx\/wp-json\/wp\/v2\/users\/1"}],"replies":[{"embeddable":true,"href":"https:\/\/pharmalogistica.com\/mx\/wp-json\/wp\/v2\/comments?post=126"}],"version-history":[{"count":1,"href":"https:\/\/pharmalogistica.com\/mx\/wp-json\/wp\/v2\/pages\/126\/revisions"}],"predecessor-version":[{"id":127,"href":"https:\/\/pharmalogistica.com\/mx\/wp-json\/wp\/v2\/pages\/126\/revisions\/127"}],"wp:attachment":[{"href":"https:\/\/pharmalogistica.com\/mx\/wp-json\/wp\/v2\/media?parent=126"}],"curies":[{"name":"wp","href":"https:\/\/api.w.org\/{rel}","templated":true}]}}