{"id":128,"date":"2025-07-31T01:49:03","date_gmt":"2025-07-31T01:49:03","guid":{"rendered":"https:\/\/pharmalogistica.com\/mx\/?page_id=128"},"modified":"2025-07-31T01:49:03","modified_gmt":"2025-07-31T01:49:03","slug":"alertas-de-cumplimiento","status":"publish","type":"page","link":"https:\/\/pharmalogistica.com\/mx\/alertas-de-cumplimiento\/","title":{"rendered":"Alertas de cumplimiento"},"content":{"rendered":"\n<p>Alertas de Cumplimiento: Protecci\u00f3n Proactiva<\/p>\n\n\n\n<p>Respuesta inmediata para sus productos sensibles<\/p>\n\n\n\n<p>En Pharma Log\u00edstica M\u00e9xico, aseguramos la calidad de sus medicamentos, f\u00e1rmacos, biol\u00f3gicos, reactivos e insumos con un sistema de alertas de cumplimiento. Nuestras unidades y almacenes, calibrados y cualificados por laboratorios acreditados ante la Entidad Mexicana de Acreditaci\u00f3n (EMA), cumplen con NOM-059 y Buenas Pr\u00e1cticas de Distribuci\u00f3n (GDP). Los sensores de temperatura y humedad env\u00edan notificaciones inmediatas ante cualquier desviaci\u00f3n, permitiendo una respuesta r\u00e1pida para proteger sus productos.<\/p>\n\n\n\n<p>Ventajas de nuestras alertas<\/p>\n\n\n\n<ul class=\"wp-block-list\">\n<li>Notificaciones instant\u00e1neas ante desviaciones de temperatura.<\/li>\n\n\n\n<li>Monitoreo continuo para m\u00e1xima seguridad.<\/li>\n\n\n\n<li>Cumplimiento normativo con reportes detallados.<\/li>\n\n\n\n<li>Protecci\u00f3n proactiva para medicamentos y vacunas.<\/li>\n<\/ul>\n\n\n\n<p>En Pharma Log\u00edstica M\u00e9xico, sus productos est\u00e1n resguardados con alertas confiables.<\/p>\n","protected":false},"excerpt":{"rendered":"<p>Alertas de Cumplimiento: Protecci\u00f3n Proactiva Respuesta inmediata para sus productos sensibles En Pharma Log\u00edstica M\u00e9xico, aseguramos la calidad de sus medicamentos, f\u00e1rmacos, biol\u00f3gicos, reactivos e insumos con un sistema de alertas de cumplimiento. Nuestras unidades y almacenes, calibrados y cualificados por laboratorios acreditados ante la Entidad Mexicana de Acreditaci\u00f3n (EMA), cumplen con NOM-059 y Buenas [&hellip;]<\/p>\n","protected":false},"author":1,"featured_media":0,"parent":0,"menu_order":0,"comment_status":"closed","ping_status":"closed","template":"","meta":{"footnotes":""},"class_list":["post-128","page","type-page","status-publish","hentry"],"_links":{"self":[{"href":"https:\/\/pharmalogistica.com\/mx\/wp-json\/wp\/v2\/pages\/128","targetHints":{"allow":["GET"]}}],"collection":[{"href":"https:\/\/pharmalogistica.com\/mx\/wp-json\/wp\/v2\/pages"}],"about":[{"href":"https:\/\/pharmalogistica.com\/mx\/wp-json\/wp\/v2\/types\/page"}],"author":[{"embeddable":true,"href":"https:\/\/pharmalogistica.com\/mx\/wp-json\/wp\/v2\/users\/1"}],"replies":[{"embeddable":true,"href":"https:\/\/pharmalogistica.com\/mx\/wp-json\/wp\/v2\/comments?post=128"}],"version-history":[{"count":1,"href":"https:\/\/pharmalogistica.com\/mx\/wp-json\/wp\/v2\/pages\/128\/revisions"}],"predecessor-version":[{"id":129,"href":"https:\/\/pharmalogistica.com\/mx\/wp-json\/wp\/v2\/pages\/128\/revisions\/129"}],"wp:attachment":[{"href":"https:\/\/pharmalogistica.com\/mx\/wp-json\/wp\/v2\/media?parent=128"}],"curies":[{"name":"wp","href":"https:\/\/api.w.org\/{rel}","templated":true}]}}