{"id":130,"date":"2025-07-31T01:52:39","date_gmt":"2025-07-31T01:52:39","guid":{"rendered":"https:\/\/pharmalogistica.com\/mx\/?page_id=130"},"modified":"2025-07-31T01:52:39","modified_gmt":"2025-07-31T01:52:39","slug":"capacitacion-en-gdp","status":"publish","type":"page","link":"https:\/\/pharmalogistica.com\/mx\/capacitacion-en-gdp\/","title":{"rendered":"Capacitaci\u00f3n en GDP"},"content":{"rendered":"\n<p>Capacitaci\u00f3n en GDP: Excelencia en Distribuci\u00f3n Farmac\u00e9utica<\/p>\n\n\n\n<p>Formaci\u00f3n para cumplir con normativas<\/p>\n\n\n\n<p>En Pharma Log\u00edstica M\u00e9xico, ofrecemos capacitaci\u00f3n especializada en Buenas Pr\u00e1cticas de Distribuci\u00f3n (GDP) para el transporte y almacenamiento de medicamentos, f\u00e1rmacos, biol\u00f3gicos, reactivos e insumos. Nuestras formaciones, alineadas con NOM-059 y est\u00e1ndares internacionales, preparan a su personal para mantener la cadena de fr\u00edo y cumplir con los requisitos normativos. Con instructores expertos, aseguramos la calidad y seguridad de sus productos.<\/p>\n\n\n\n<p>Ventajas de nuestra capacitaci\u00f3n en GDP<\/p>\n\n\n\n<ul class=\"wp-block-list\">\n<li>Formaci\u00f3n alineada con NOM-059 y GDP.<\/li>\n\n\n\n<li>Enfoque en manejo de productos sensibles.<\/li>\n\n\n\n<li>Mejora de procesos para auditor\u00edas exitosas.<\/li>\n\n\n\n<li>Programas adaptados a sus necesidades operativas.<\/li>\n<\/ul>\n\n\n\n<p>En Pharma Log\u00edstica M\u00e9xico, su equipo estar\u00e1 preparado para cumplir con los est\u00e1ndares m\u00e1s exigentes.<\/p>\n","protected":false},"excerpt":{"rendered":"<p>Capacitaci\u00f3n en GDP: Excelencia en Distribuci\u00f3n Farmac\u00e9utica Formaci\u00f3n para cumplir con normativas En Pharma Log\u00edstica M\u00e9xico, ofrecemos capacitaci\u00f3n especializada en Buenas Pr\u00e1cticas de Distribuci\u00f3n (GDP) para el transporte y almacenamiento de medicamentos, f\u00e1rmacos, biol\u00f3gicos, reactivos e insumos. Nuestras formaciones, alineadas con NOM-059 y est\u00e1ndares internacionales, preparan a su personal para mantener la cadena de fr\u00edo [&hellip;]<\/p>\n","protected":false},"author":1,"featured_media":0,"parent":0,"menu_order":0,"comment_status":"closed","ping_status":"closed","template":"","meta":{"footnotes":""},"class_list":["post-130","page","type-page","status-publish","hentry"],"_links":{"self":[{"href":"https:\/\/pharmalogistica.com\/mx\/wp-json\/wp\/v2\/pages\/130","targetHints":{"allow":["GET"]}}],"collection":[{"href":"https:\/\/pharmalogistica.com\/mx\/wp-json\/wp\/v2\/pages"}],"about":[{"href":"https:\/\/pharmalogistica.com\/mx\/wp-json\/wp\/v2\/types\/page"}],"author":[{"embeddable":true,"href":"https:\/\/pharmalogistica.com\/mx\/wp-json\/wp\/v2\/users\/1"}],"replies":[{"embeddable":true,"href":"https:\/\/pharmalogistica.com\/mx\/wp-json\/wp\/v2\/comments?post=130"}],"version-history":[{"count":1,"href":"https:\/\/pharmalogistica.com\/mx\/wp-json\/wp\/v2\/pages\/130\/revisions"}],"predecessor-version":[{"id":131,"href":"https:\/\/pharmalogistica.com\/mx\/wp-json\/wp\/v2\/pages\/130\/revisions\/131"}],"wp:attachment":[{"href":"https:\/\/pharmalogistica.com\/mx\/wp-json\/wp\/v2\/media?parent=130"}],"curies":[{"name":"wp","href":"https:\/\/api.w.org\/{rel}","templated":true}]}}