{"id":132,"date":"2025-07-31T01:53:18","date_gmt":"2025-07-31T01:53:18","guid":{"rendered":"https:\/\/pharmalogistica.com\/mx\/?page_id=132"},"modified":"2025-07-31T01:53:18","modified_gmt":"2025-07-31T01:53:18","slug":"asesoria-en-cadena-de-frio","status":"publish","type":"page","link":"https:\/\/pharmalogistica.com\/mx\/asesoria-en-cadena-de-frio\/","title":{"rendered":"Asesor\u00eda en cadena de fr\u00edo"},"content":{"rendered":"\n<p>Asesor\u00eda en Cadena de Fr\u00edo: Expertise para su Operaci\u00f3n<\/p>\n\n\n\n<p>Soluciones para proteger sus productos<\/p>\n\n\n\n<p>En Pharma Log\u00edstica M\u00e9xico, ofrecemos asesor\u00eda especializada para optimizar la cadena de fr\u00edo de sus medicamentos, f\u00e1rmacos, biol\u00f3gicos, reactivos e insumos para la salud. Nuestras unidades y almacenes, calibrados y cualificados por laboratorios acreditados ante la Entidad Mexicana de Acreditaci\u00f3n (EMA), cumplen con NOM-059 y Buenas Pr\u00e1cticas de Distribuci\u00f3n (GDP). Le ayudamos a dise\u00f1ar procesos, seleccionar embalajes y garantizar el control de temperatura en cada etapa.<\/p>\n\n\n\n<p>Ventajas de nuestra asesor\u00eda<\/p>\n\n\n\n<ul class=\"wp-block-list\">\n<li>Soluciones personalizadas para su cadena de suministro.<\/li>\n\n\n\n<li>Cumplimiento normativo para auditor\u00edas y certificaciones.<\/li>\n\n\n\n<li>Optimizaci\u00f3n de procesos para mayor eficiencia.<\/li>\n\n\n\n<li>Soporte experto en log\u00edstica farmac\u00e9utica.<\/li>\n<\/ul>\n\n\n\n<p>En Pharma Log\u00edstica M\u00e9xico, su cadena de fr\u00edo est\u00e1 respaldada por nuestro conocimiento.<\/p>\n","protected":false},"excerpt":{"rendered":"<p>Asesor\u00eda en Cadena de Fr\u00edo: Expertise para su Operaci\u00f3n Soluciones para proteger sus productos En Pharma Log\u00edstica M\u00e9xico, ofrecemos asesor\u00eda especializada para optimizar la cadena de fr\u00edo de sus medicamentos, f\u00e1rmacos, biol\u00f3gicos, reactivos e insumos para la salud. Nuestras unidades y almacenes, calibrados y cualificados por laboratorios acreditados ante la Entidad Mexicana de Acreditaci\u00f3n (EMA), [&hellip;]<\/p>\n","protected":false},"author":1,"featured_media":0,"parent":0,"menu_order":0,"comment_status":"closed","ping_status":"closed","template":"","meta":{"footnotes":""},"class_list":["post-132","page","type-page","status-publish","hentry"],"_links":{"self":[{"href":"https:\/\/pharmalogistica.com\/mx\/wp-json\/wp\/v2\/pages\/132","targetHints":{"allow":["GET"]}}],"collection":[{"href":"https:\/\/pharmalogistica.com\/mx\/wp-json\/wp\/v2\/pages"}],"about":[{"href":"https:\/\/pharmalogistica.com\/mx\/wp-json\/wp\/v2\/types\/page"}],"author":[{"embeddable":true,"href":"https:\/\/pharmalogistica.com\/mx\/wp-json\/wp\/v2\/users\/1"}],"replies":[{"embeddable":true,"href":"https:\/\/pharmalogistica.com\/mx\/wp-json\/wp\/v2\/comments?post=132"}],"version-history":[{"count":1,"href":"https:\/\/pharmalogistica.com\/mx\/wp-json\/wp\/v2\/pages\/132\/revisions"}],"predecessor-version":[{"id":133,"href":"https:\/\/pharmalogistica.com\/mx\/wp-json\/wp\/v2\/pages\/132\/revisions\/133"}],"wp:attachment":[{"href":"https:\/\/pharmalogistica.com\/mx\/wp-json\/wp\/v2\/media?parent=132"}],"curies":[{"name":"wp","href":"https:\/\/api.w.org\/{rel}","templated":true}]}}