{"id":136,"date":"2025-07-31T01:54:38","date_gmt":"2025-07-31T01:54:38","guid":{"rendered":"https:\/\/pharmalogistica.com\/mx\/?page_id=136"},"modified":"2025-07-31T01:54:38","modified_gmt":"2025-07-31T01:54:38","slug":"capacitacion-en-buenas-practicas","status":"publish","type":"page","link":"https:\/\/pharmalogistica.com\/mx\/capacitacion-en-buenas-practicas\/","title":{"rendered":"Capacitaci\u00f3n en buenas pr\u00e1cticas"},"content":{"rendered":"\n<p>Capacitaci\u00f3n en Buenas Pr\u00e1cticas: Formaci\u00f3n para la Excelencia<\/p>\n\n\n\n<p>Fortaleciendo su operaci\u00f3n en cadena de fr\u00edo<\/p>\n\n\n\n<p>En Pharma Log\u00edstica M\u00e9xico, ofrecemos programas de capacitaci\u00f3n en buenas pr\u00e1cticas para el manejo de medicamentos, f\u00e1rmacos, biol\u00f3gicos, reactivos e insumos para la salud. Nuestras formaciones, alineadas con NOM-059 y Buenas Pr\u00e1cticas de Distribuci\u00f3n (GDP), aseguran que su personal est\u00e9 preparado para mantener la cadena de fr\u00edo. Con instructores expertos y contenido adaptado, garantizamos el cumplimiento normativo y la seguridad de sus productos.<\/p>\n\n\n\n<p>Ventajas de nuestra capacitaci\u00f3n<\/p>\n\n\n\n<ul class=\"wp-block-list\">\n<li>Formaci\u00f3n especializada en manejo de productos sensibles.<\/li>\n\n\n\n<li>Alineaci\u00f3n con normativas NOM-059 y GDP.<\/li>\n\n\n\n<li>Mejora de procesos para garantizar la calidad.<\/li>\n\n\n\n<li>Programas adaptados a sus necesidades operativas.<\/li>\n<\/ul>\n\n\n\n<p>En Pharma Log\u00edstica M\u00e9xico, su equipo estar\u00e1 capacitado para proteger la salud.<\/p>\n","protected":false},"excerpt":{"rendered":"<p>Capacitaci\u00f3n en Buenas Pr\u00e1cticas: Formaci\u00f3n para la Excelencia Fortaleciendo su operaci\u00f3n en cadena de fr\u00edo En Pharma Log\u00edstica M\u00e9xico, ofrecemos programas de capacitaci\u00f3n en buenas pr\u00e1cticas para el manejo de medicamentos, f\u00e1rmacos, biol\u00f3gicos, reactivos e insumos para la salud. Nuestras formaciones, alineadas con NOM-059 y Buenas Pr\u00e1cticas de Distribuci\u00f3n (GDP), aseguran que su personal est\u00e9 [&hellip;]<\/p>\n","protected":false},"author":1,"featured_media":0,"parent":0,"menu_order":0,"comment_status":"closed","ping_status":"closed","template":"","meta":{"footnotes":""},"class_list":["post-136","page","type-page","status-publish","hentry"],"_links":{"self":[{"href":"https:\/\/pharmalogistica.com\/mx\/wp-json\/wp\/v2\/pages\/136","targetHints":{"allow":["GET"]}}],"collection":[{"href":"https:\/\/pharmalogistica.com\/mx\/wp-json\/wp\/v2\/pages"}],"about":[{"href":"https:\/\/pharmalogistica.com\/mx\/wp-json\/wp\/v2\/types\/page"}],"author":[{"embeddable":true,"href":"https:\/\/pharmalogistica.com\/mx\/wp-json\/wp\/v2\/users\/1"}],"replies":[{"embeddable":true,"href":"https:\/\/pharmalogistica.com\/mx\/wp-json\/wp\/v2\/comments?post=136"}],"version-history":[{"count":1,"href":"https:\/\/pharmalogistica.com\/mx\/wp-json\/wp\/v2\/pages\/136\/revisions"}],"predecessor-version":[{"id":137,"href":"https:\/\/pharmalogistica.com\/mx\/wp-json\/wp\/v2\/pages\/136\/revisions\/137"}],"wp:attachment":[{"href":"https:\/\/pharmalogistica.com\/mx\/wp-json\/wp\/v2\/media?parent=136"}],"curies":[{"name":"wp","href":"https:\/\/api.w.org\/{rel}","templated":true}]}}