{"id":148,"date":"2025-07-31T10:11:09","date_gmt":"2025-07-31T10:11:09","guid":{"rendered":"https:\/\/pharmalogistica.com\/mx\/?page_id=148"},"modified":"2025-07-31T10:11:09","modified_gmt":"2025-07-31T10:11:09","slug":"industria-farmaceutica-logistica-para-medicamentos-y-vacunas","status":"publish","type":"page","link":"https:\/\/pharmalogistica.com\/mx\/industria-farmaceutica-logistica-para-medicamentos-y-vacunas\/","title":{"rendered":"Industria Farmac\u00e9utica: Log\u00edstica para Medicamentos y Vacunas"},"content":{"rendered":"\n<p>Protecci\u00f3n para la salud<\/p>\n\n\n\n<p>En Pharma Log\u00edstica M\u00e9xico, apoyamos a la industria farmac\u00e9utica con transporte y almacenamiento de medicamentos, f\u00e1rmacos y vacunas, manteniendo la cadena de fr\u00edo a 2-8\u00b0C o -20\u00b0C a -80\u00b0C. Nuestras unidades y almacenes, calibrados y cualificados por laboratorios acreditados ante la Entidad Mexicana de Acreditaci\u00f3n (EMA), cumplen con NOM-059 y Buenas Pr\u00e1cticas de Distribuci\u00f3n (GDP). Con monitoreo en tiempo real, aseguramos la eficacia de sus productos.<\/p>\n\n\n\n<p>Ventajas para la industria farmac\u00e9utica<\/p>\n\n\n\n<ul class=\"wp-block-list\">\n<li>Control certificado de temperatura para medicamentos sensibles.<\/li>\n\n\n\n<li>Monitoreo continuo con sensores de temperatura y GPS.<\/li>\n\n\n\n<li>Cumplimiento normativo con reportes para auditor\u00edas.<\/li>\n\n\n\n<li>Entregas puntuales a farmacias, hospitales y distribuidores.<\/li>\n<\/ul>\n\n\n\n<p>En Pharma Log\u00edstica M\u00e9xico, sus productos farmac\u00e9uticos est\u00e1n protegidos con log\u00edstica de calidad.<\/p>\n","protected":false},"excerpt":{"rendered":"<p>Protecci\u00f3n para la salud En Pharma Log\u00edstica M\u00e9xico, apoyamos a la industria farmac\u00e9utica con transporte y almacenamiento de medicamentos, f\u00e1rmacos y vacunas, manteniendo la cadena de fr\u00edo a 2-8\u00b0C o -20\u00b0C a -80\u00b0C. Nuestras unidades y almacenes, calibrados y cualificados por laboratorios acreditados ante la Entidad Mexicana de Acreditaci\u00f3n (EMA), cumplen con NOM-059 y Buenas [&hellip;]<\/p>\n","protected":false},"author":1,"featured_media":0,"parent":0,"menu_order":0,"comment_status":"closed","ping_status":"closed","template":"","meta":{"footnotes":""},"class_list":["post-148","page","type-page","status-publish","hentry"],"_links":{"self":[{"href":"https:\/\/pharmalogistica.com\/mx\/wp-json\/wp\/v2\/pages\/148","targetHints":{"allow":["GET"]}}],"collection":[{"href":"https:\/\/pharmalogistica.com\/mx\/wp-json\/wp\/v2\/pages"}],"about":[{"href":"https:\/\/pharmalogistica.com\/mx\/wp-json\/wp\/v2\/types\/page"}],"author":[{"embeddable":true,"href":"https:\/\/pharmalogistica.com\/mx\/wp-json\/wp\/v2\/users\/1"}],"replies":[{"embeddable":true,"href":"https:\/\/pharmalogistica.com\/mx\/wp-json\/wp\/v2\/comments?post=148"}],"version-history":[{"count":1,"href":"https:\/\/pharmalogistica.com\/mx\/wp-json\/wp\/v2\/pages\/148\/revisions"}],"predecessor-version":[{"id":149,"href":"https:\/\/pharmalogistica.com\/mx\/wp-json\/wp\/v2\/pages\/148\/revisions\/149"}],"wp:attachment":[{"href":"https:\/\/pharmalogistica.com\/mx\/wp-json\/wp\/v2\/media?parent=148"}],"curies":[{"name":"wp","href":"https:\/\/api.w.org\/{rel}","templated":true}]}}