{"id":153,"date":"2025-07-31T10:14:44","date_gmt":"2025-07-31T10:14:44","guid":{"rendered":"https:\/\/pharmalogistica.com\/mx\/?page_id=153"},"modified":"2025-07-31T10:14:44","modified_gmt":"2025-07-31T10:14:44","slug":"perecederos-frescura-para-frutas-verduras-y-mariscos","status":"publish","type":"page","link":"https:\/\/pharmalogistica.com\/mx\/perecederos-frescura-para-frutas-verduras-y-mariscos\/","title":{"rendered":"Perecederos: frescura para frutas, verduras y mariscos"},"content":{"rendered":"\n<p>Log\u00edstica para productos sensibles<\/p>\n\n\n\n<p>En Pharma Log\u00edstica M\u00e9xico, transportamos y almacenamos perecederos como frutas, verduras y mariscos, complementando nuestras soluciones para la salud con control de cadena de fr\u00edo. Nuestras unidades y almacenes, calibrados y cualificados por laboratorios acreditados ante la Entidad Mexicana de Acreditaci\u00f3n (EMA), mantienen temperaturas de 0-4\u00b0C o -18\u00b0C. Con monitoreo en tiempo real, aseguramos que sus perecederos lleguen en \u00f3ptimas condiciones.<\/p>\n\n\n\n<p>Ventajas para perecederos<\/p>\n\n\n\n<ul class=\"wp-block-list\">\n<li>Unidades certificadas para control preciso de temperatura.<\/li>\n\n\n\n<li>Monitoreo continuo con alertas ante desviaciones.<\/li>\n\n\n\n<li>Rutas optimizadas para minimizar tiempos de tr\u00e1nsito.<\/li>\n\n\n\n<li>Cumplimiento de normativas para seguridad alimentaria.<\/li>\n<\/ul>\n\n\n\n<p>En Pharma Log\u00edstica M\u00e9xico, sus perecederos est\u00e1n protegidos con log\u00edstica confiable.<\/p>\n","protected":false},"excerpt":{"rendered":"<p>Log\u00edstica para productos sensibles En Pharma Log\u00edstica M\u00e9xico, transportamos y almacenamos perecederos como frutas, verduras y mariscos, complementando nuestras soluciones para la salud con control de cadena de fr\u00edo. Nuestras unidades y almacenes, calibrados y cualificados por laboratorios acreditados ante la Entidad Mexicana de Acreditaci\u00f3n (EMA), mantienen temperaturas de 0-4\u00b0C o -18\u00b0C. Con monitoreo en [&hellip;]<\/p>\n","protected":false},"author":1,"featured_media":0,"parent":0,"menu_order":0,"comment_status":"closed","ping_status":"closed","template":"","meta":{"footnotes":""},"class_list":["post-153","page","type-page","status-publish","hentry"],"_links":{"self":[{"href":"https:\/\/pharmalogistica.com\/mx\/wp-json\/wp\/v2\/pages\/153","targetHints":{"allow":["GET"]}}],"collection":[{"href":"https:\/\/pharmalogistica.com\/mx\/wp-json\/wp\/v2\/pages"}],"about":[{"href":"https:\/\/pharmalogistica.com\/mx\/wp-json\/wp\/v2\/types\/page"}],"author":[{"embeddable":true,"href":"https:\/\/pharmalogistica.com\/mx\/wp-json\/wp\/v2\/users\/1"}],"replies":[{"embeddable":true,"href":"https:\/\/pharmalogistica.com\/mx\/wp-json\/wp\/v2\/comments?post=153"}],"version-history":[{"count":1,"href":"https:\/\/pharmalogistica.com\/mx\/wp-json\/wp\/v2\/pages\/153\/revisions"}],"predecessor-version":[{"id":154,"href":"https:\/\/pharmalogistica.com\/mx\/wp-json\/wp\/v2\/pages\/153\/revisions\/154"}],"wp:attachment":[{"href":"https:\/\/pharmalogistica.com\/mx\/wp-json\/wp\/v2\/media?parent=153"}],"curies":[{"name":"wp","href":"https:\/\/api.w.org\/{rel}","templated":true}]}}