{"id":155,"date":"2025-07-31T10:16:46","date_gmt":"2025-07-31T10:16:46","guid":{"rendered":"https:\/\/pharmalogistica.com\/mx\/?page_id=155"},"modified":"2025-07-31T10:16:46","modified_gmt":"2025-07-31T10:16:46","slug":"sector-gubernamental-apoyo-a-la-salud-publica","status":"publish","type":"page","link":"https:\/\/pharmalogistica.com\/mx\/sector-gubernamental-apoyo-a-la-salud-publica\/","title":{"rendered":"Sector gubernamental: apoyo a la salud p\u00fablica"},"content":{"rendered":"\n<p>Log\u00edstica para campa\u00f1as y distribuci\u00f3n<\/p>\n\n\n\n<p>En Pharma Log\u00edstica M\u00e9xico, apoyamos al sector gubernamental con transporte y almacenamiento de medicamentos, vacunas e insumos para programas de salud p\u00fablica. Nuestras unidades y almacenes, calibrados y cualificados por laboratorios acreditados ante la Entidad Mexicana de Acreditaci\u00f3n (EMA), cumplen con NOM-059 y Buenas Pr\u00e1cticas de Distribuci\u00f3n (GDP). Con monitoreo en tiempo real y rutas optimizadas, aseguramos entregas puntuales para campa\u00f1as de vacunaci\u00f3n y distribuci\u00f3n.<\/p>\n\n\n\n<p>Ventajas para el sector gubernamental<\/p>\n\n\n\n<ul class=\"wp-block-list\">\n<li>Control certificado de temperatura para vacunas e insumos.<\/li>\n\n\n\n<li>Monitoreo en tiempo real con sensores de temperatura y GPS.<\/li>\n\n\n\n<li>Cobertura nacional para programas de salud p\u00fablica.<\/li>\n\n\n\n<li>Cumplimiento normativo con reportes para auditor\u00edas.<\/li>\n<\/ul>\n\n\n\n<p>En Pharma Log\u00edstica M\u00e9xico, contribuimos a la salud p\u00fablica con log\u00edstica confiable.<\/p>\n","protected":false},"excerpt":{"rendered":"<p>Log\u00edstica para campa\u00f1as y distribuci\u00f3n En Pharma Log\u00edstica M\u00e9xico, apoyamos al sector gubernamental con transporte y almacenamiento de medicamentos, vacunas e insumos para programas de salud p\u00fablica. Nuestras unidades y almacenes, calibrados y cualificados por laboratorios acreditados ante la Entidad Mexicana de Acreditaci\u00f3n (EMA), cumplen con NOM-059 y Buenas Pr\u00e1cticas de Distribuci\u00f3n (GDP). Con monitoreo [&hellip;]<\/p>\n","protected":false},"author":1,"featured_media":0,"parent":0,"menu_order":0,"comment_status":"closed","ping_status":"closed","template":"","meta":{"footnotes":""},"class_list":["post-155","page","type-page","status-publish","hentry"],"_links":{"self":[{"href":"https:\/\/pharmalogistica.com\/mx\/wp-json\/wp\/v2\/pages\/155","targetHints":{"allow":["GET"]}}],"collection":[{"href":"https:\/\/pharmalogistica.com\/mx\/wp-json\/wp\/v2\/pages"}],"about":[{"href":"https:\/\/pharmalogistica.com\/mx\/wp-json\/wp\/v2\/types\/page"}],"author":[{"embeddable":true,"href":"https:\/\/pharmalogistica.com\/mx\/wp-json\/wp\/v2\/users\/1"}],"replies":[{"embeddable":true,"href":"https:\/\/pharmalogistica.com\/mx\/wp-json\/wp\/v2\/comments?post=155"}],"version-history":[{"count":1,"href":"https:\/\/pharmalogistica.com\/mx\/wp-json\/wp\/v2\/pages\/155\/revisions"}],"predecessor-version":[{"id":156,"href":"https:\/\/pharmalogistica.com\/mx\/wp-json\/wp\/v2\/pages\/155\/revisions\/156"}],"wp:attachment":[{"href":"https:\/\/pharmalogistica.com\/mx\/wp-json\/wp\/v2\/media?parent=155"}],"curies":[{"name":"wp","href":"https:\/\/api.w.org\/{rel}","templated":true}]}}