{"id":90,"date":"2025-07-30T12:27:16","date_gmt":"2025-07-30T12:27:16","guid":{"rendered":"https:\/\/pharmalogistica.com\/mx\/?page_id=90"},"modified":"2025-07-31T01:29:24","modified_gmt":"2025-07-31T01:29:24","slug":"consultoria-en-cadena-de-frio-expertise-para-su-operacion","status":"publish","type":"page","link":"https:\/\/pharmalogistica.com\/mx\/consultoria-en-cadena-de-frio-expertise-para-su-operacion\/","title":{"rendered":"Consultor\u00eda en cadena de fr\u00edo: Expertise para su operaci\u00f3n"},"content":{"rendered":"\n<p>Optimizaci\u00f3n y cumplimiento normativo<\/p>\n\n\n\n<p>En Pharma Log\u00edstica M\u00e9xico, ofrecemos servicios de consultor\u00eda para optimizar la cadena de fr\u00edo de sus medicamentos, f\u00e1rmacos, biol\u00f3gicos, reactivos e insumos para la salud. Nuestro equipo de expertos le ayuda a cumplir con las normativas m\u00e1s estrictas, como NOM-059 y Buenas Pr\u00e1cticas de Distribuci\u00f3n (GDP), asegurando que su operaci\u00f3n sea eficiente y confiable.<\/p>\n\n\n\n<p>Nuestros Servicios de Consultor\u00eda Dise\u00f1o de Soluciones Log\u00edsticas: Creamos rutas y embalajes personalizados para maximizar la eficiencia de su cadena de suministro.<br>Capacitaci\u00f3n en Buenas Pr\u00e1cticas y GDP: Formamos a su personal en el manejo de productos sensibles y cumplimiento normativo.<br>Auditor\u00edas de Cumplimiento: Evaluamos sus procesos para garantizar el cumplimiento de NOM-059, GDP y otras regulaciones.<br>Asesor\u00eda en Cadena de Fr\u00edo: Le ayudamos a optimizar el control de temperatura en transporte y almacenamiento.<\/p>\n\n\n\n<p>Ventajas de Nuestra Consultor\u00eda Expertise especializado en log\u00edstica farmac\u00e9utica y cadena de fr\u00edo.<br>Soluciones personalizadas para sus necesidades operativas.<br>Reportes detallados para auditor\u00edas y certificaciones.<br>Soporte continuo para mejorar la eficiencia de su operaci\u00f3n.<\/p>\n\n\n\n<p>En Pharma Log\u00edstica M\u00e9xico, nuestro conocimiento asegura la calidad y cumplimiento de su cadena de fr\u00edo.<\/p>\n","protected":false},"excerpt":{"rendered":"<p>Optimizaci\u00f3n y cumplimiento normativo En Pharma Log\u00edstica M\u00e9xico, ofrecemos servicios de consultor\u00eda para optimizar la cadena de fr\u00edo de sus medicamentos, f\u00e1rmacos, biol\u00f3gicos, reactivos e insumos para la salud. Nuestro equipo de expertos le ayuda a cumplir con las normativas m\u00e1s estrictas, como NOM-059 y Buenas Pr\u00e1cticas de Distribuci\u00f3n (GDP), asegurando que su operaci\u00f3n sea [&hellip;]<\/p>\n","protected":false},"author":1,"featured_media":0,"parent":0,"menu_order":0,"comment_status":"closed","ping_status":"closed","template":"","meta":{"footnotes":""},"class_list":["post-90","page","type-page","status-publish","hentry"],"_links":{"self":[{"href":"https:\/\/pharmalogistica.com\/mx\/wp-json\/wp\/v2\/pages\/90","targetHints":{"allow":["GET"]}}],"collection":[{"href":"https:\/\/pharmalogistica.com\/mx\/wp-json\/wp\/v2\/pages"}],"about":[{"href":"https:\/\/pharmalogistica.com\/mx\/wp-json\/wp\/v2\/types\/page"}],"author":[{"embeddable":true,"href":"https:\/\/pharmalogistica.com\/mx\/wp-json\/wp\/v2\/users\/1"}],"replies":[{"embeddable":true,"href":"https:\/\/pharmalogistica.com\/mx\/wp-json\/wp\/v2\/comments?post=90"}],"version-history":[{"count":3,"href":"https:\/\/pharmalogistica.com\/mx\/wp-json\/wp\/v2\/pages\/90\/revisions"}],"predecessor-version":[{"id":93,"href":"https:\/\/pharmalogistica.com\/mx\/wp-json\/wp\/v2\/pages\/90\/revisions\/93"}],"wp:attachment":[{"href":"https:\/\/pharmalogistica.com\/mx\/wp-json\/wp\/v2\/media?parent=90"}],"curies":[{"name":"wp","href":"https:\/\/api.w.org\/{rel}","templated":true}]}}