{"id":98,"date":"2025-07-31T01:33:05","date_gmt":"2025-07-31T01:33:05","guid":{"rendered":"https:\/\/pharmalogistica.com\/mx\/?page_id=98"},"modified":"2025-07-31T01:33:05","modified_gmt":"2025-07-31T01:33:05","slug":"reactivos-de-laboratorio","status":"publish","type":"page","link":"https:\/\/pharmalogistica.com\/mx\/reactivos-de-laboratorio\/","title":{"rendered":"Reactivos de laboratorio"},"content":{"rendered":"\n<p>Transporte de Reactivos de Laboratorio: Confiabilidad para la Investigaci\u00f3n<\/p>\n\n\n\n<p>Protecci\u00f3n para sus insumos cient\u00edficos<\/p>\n\n\n\n<p>En Pharma Log\u00edstica M\u00e9xico, transportamos reactivos de laboratorio con control riguroso de la cadena de fr\u00edo, asegurando temperaturas de 2-8\u00b0C o seg\u00fan sus especificaciones. Nuestras unidades, calibradas por laboratorios acreditados ante la Entidad Mexicana de Acreditaci\u00f3n (EMA), cumplen con NOM-059 y Buenas Pr\u00e1cticas de Distribuci\u00f3n (GDP). Con monitoreo en tiempo real, garantizamos que sus reactivos lleguen a laboratorios de investigaci\u00f3n en condiciones \u00f3ptimas.<\/p>\n\n\n\n<p>Ventajas de nuestro servicio<\/p>\n\n\n\n<ul class=\"wp-block-list\">\n<li>Unidades certificadas para precisi\u00f3n en el control de temperatura.<\/li>\n\n\n\n<li>Monitoreo continuo con sensores de temperatura y GPS.<\/li>\n\n\n\n<li>Cumplimiento normativo para ensayos y auditor\u00edas.<\/li>\n\n\n\n<li>Entregas puntuales a laboratorios en todo M\u00e9xico.<\/li>\n<\/ul>\n\n\n\n<p>En Pharma Log\u00edstica M\u00e9xico, sus reactivos est\u00e1n protegidos con log\u00edstica de alta calidad.<\/p>\n","protected":false},"excerpt":{"rendered":"<p>Transporte de Reactivos de Laboratorio: Confiabilidad para la Investigaci\u00f3n Protecci\u00f3n para sus insumos cient\u00edficos En Pharma Log\u00edstica M\u00e9xico, transportamos reactivos de laboratorio con control riguroso de la cadena de fr\u00edo, asegurando temperaturas de 2-8\u00b0C o seg\u00fan sus especificaciones. Nuestras unidades, calibradas por laboratorios acreditados ante la Entidad Mexicana de Acreditaci\u00f3n (EMA), cumplen con NOM-059 y [&hellip;]<\/p>\n","protected":false},"author":1,"featured_media":0,"parent":0,"menu_order":0,"comment_status":"closed","ping_status":"closed","template":"","meta":{"footnotes":""},"class_list":["post-98","page","type-page","status-publish","hentry"],"_links":{"self":[{"href":"https:\/\/pharmalogistica.com\/mx\/wp-json\/wp\/v2\/pages\/98","targetHints":{"allow":["GET"]}}],"collection":[{"href":"https:\/\/pharmalogistica.com\/mx\/wp-json\/wp\/v2\/pages"}],"about":[{"href":"https:\/\/pharmalogistica.com\/mx\/wp-json\/wp\/v2\/types\/page"}],"author":[{"embeddable":true,"href":"https:\/\/pharmalogistica.com\/mx\/wp-json\/wp\/v2\/users\/1"}],"replies":[{"embeddable":true,"href":"https:\/\/pharmalogistica.com\/mx\/wp-json\/wp\/v2\/comments?post=98"}],"version-history":[{"count":1,"href":"https:\/\/pharmalogistica.com\/mx\/wp-json\/wp\/v2\/pages\/98\/revisions"}],"predecessor-version":[{"id":99,"href":"https:\/\/pharmalogistica.com\/mx\/wp-json\/wp\/v2\/pages\/98\/revisions\/99"}],"wp:attachment":[{"href":"https:\/\/pharmalogistica.com\/mx\/wp-json\/wp\/v2\/media?parent=98"}],"curies":[{"name":"wp","href":"https:\/\/api.w.org\/{rel}","templated":true}]}}